{"id":1429,"date":"2022-03-27T12:35:21","date_gmt":"2022-03-27T10:35:21","guid":{"rendered":"https:\/\/artesedu.pl\/?page_id=1429"},"modified":"2025-05-28T09:38:14","modified_gmt":"2025-05-28T07:38:14","slug":"wielbblad-zestaw-filmow-wprowadzajacych","status":"publish","type":"page","link":"https:\/\/artesedu.pl\/en\/wielbblad\/wielbblad-zestaw-filmow-wprowadzajacych\/","title":{"rendered":"WielbBl\u0105d &#8211; zestaw film\u00f3w wprowadzaj\u0105cych"},"content":{"rendered":"<div id=\"pl-1429\"  class=\"panel-layout\" ><div id=\"pg-1429-0\"  class=\"panel-grid panel-has-style\" ><div class=\"siteorigin-panels-stretch panel-row-style panel-row-style-for-1429-0\" data-stretch-type=\"full\" ><div id=\"pgc-1429-0-0\"  class=\"panel-grid-cell\" ><div id=\"panel-1429-0-0-0\" class=\"so-panel widget widget_text panel-first-child panel-last-child\" data-index=\"0\" >\t\t\t<div class=\"textwidget\"><p style=\"text-align: center;\"><span style=\"font-weight: 600;\"><span style=\"color: #e39f0e;\"><strong><span style=\"font-size: 36px;\">WielbBl\u0105d<\/span><\/strong><\/span><\/span><\/p>\n<p style=\"text-align: center;\"><span style=\"font-weight: 400;\"><span style=\"color: white;\"><span style=\"font-size: 24px;\">Zapraszamy do zapoznania si\u0119 z zestawem film\u00f3w wprowadzaj\u0105cych do innowacji<\/span><\/span><\/span><\/p>\n<\/div>\n\t\t<\/div><\/div><\/div><\/div><div id=\"pg-1429-1\"  class=\"panel-grid panel-no-style\" ><div id=\"pgc-1429-1-0\"  class=\"panel-grid-cell\" ><div id=\"panel-1429-1-0-0\" class=\"so-panel widget widget_text panel-first-child panel-last-child\" data-index=\"1\" >\t\t\t<div class=\"textwidget\"><p style=\"text-align: center;\"><span style=\"font-weight: 400;\"><span style=\"font-size: 18px;\">Zapraszamy do wprowadzenia do tematu pope\u0142niania b\u0142\u0119d\u00f3w. <br \/>Przygotowa\u0142y\u015bmy ich kilka, mo\u017cna ogl\u0105da\u0107 je w r\u00f3\u017cnej kolejno\u015bci, niemniej jednak, na pocz\u0105tek polecam Film 1.<\/span><\/p>\n<\/div>\n\t\t<\/div><\/div><\/div><div id=\"pg-1429-2\"  class=\"panel-grid panel-no-style\" ><div id=\"pgc-1429-2-0\"  class=\"panel-grid-cell\" ><div id=\"panel-1429-2-0-0\" class=\"so-panel widget widget_themegrill_flash_heading tg-widget section-title-wrapper panel-first-child\" data-index=\"2\" >\t<h3 class=\"section-title\">Wprowadzenie do innowacji<\/h3>\n\t<div class=\"section-description\">WielB\u0142\u0105d<\/div>\n<\/div><div id=\"panel-1429-2-0-1\" class=\"so-panel widget widget_media_video\" data-index=\"3\" ><div style=\"width:100%;\" class=\"wp-video\"><video class=\"wp-video-shortcode\" id=\"video-1429-1\" preload=\"auto\" controls=\"controls\"><source type=\"video\/youtube\" src=\"https:\/\/www.youtube.com\/watch?v=9n8SQEVNB3o&#038;_=1\" \/><a href=\"https:\/\/www.youtube.com\/watch?v=9n8SQEVNB3o\">https:\/\/www.youtube.com\/watch?v=9n8SQEVNB3o<\/a><\/video><\/div><\/div><div id=\"panel-1429-2-0-2\" class=\"so-panel widget widget_text panel-last-child\" data-index=\"4\" >\t\t\t<div class=\"textwidget\"><p style=\"text-align: center;\">Czas trwania: <span style=\"font-weight: 400;\">1:38<\/span><\/p>\n<\/div>\n\t\t<\/div><\/div><\/div><div id=\"pg-1429-3\"  class=\"panel-grid panel-no-style\" ><div id=\"pgc-1429-3-0\"  class=\"panel-grid-cell\" ><div id=\"panel-1429-3-0-0\" class=\"so-panel widget widget_themegrill_flash_heading tg-widget section-title-wrapper panel-first-child\" data-index=\"5\" >\t<h3 class=\"section-title\">Film 1<\/h3>\n\t<div class=\"section-description\">Kultura b\u0142\u0119du czy b\u0142\u0119dna kultura?<\/div>\n<\/div><div id=\"panel-1429-3-0-1\" class=\"so-panel widget widget_text\" data-index=\"6\" >\t\t\t<div class=\"textwidget\"><p style=\"text-align: center;\"><iframe src=\"https:\/\/www.youtube.com\/embed\/VTxJZrtwhBo\" title=\"YouTube video player\" frameborder=\"0\" allow=\"accelerometer; autoplay; clipboard-write; encrypted-media; gyroscope; picture-in-picture\" allowfullscreen><\/iframe><\/iframe><\/p>\n<\/div>\n\t\t<\/div><div id=\"panel-1429-3-0-2\" class=\"so-panel widget widget_text panel-last-child\" data-index=\"7\" >\t\t\t<div class=\"textwidget\"><p style=\"text-align: center;\">Czas trwania: 12:07<\/p>\n<\/div>\n\t\t<\/div><\/div><div id=\"pgc-1429-3-1\"  class=\"panel-grid-cell\" ><div id=\"panel-1429-3-1-0\" class=\"so-panel widget widget_themegrill_flash_heading tg-widget section-title-wrapper panel-first-child\" data-index=\"8\" >\t<h3 class=\"section-title\">Film 2<\/h3>\n\t<div class=\"section-description\">S\u0142o\u0144 w klasie czyli EMOCJE w uczeniu si\u0119<\/div>\n<\/div><div id=\"panel-1429-3-1-1\" class=\"so-panel widget widget_text\" data-index=\"9\" >\t\t\t<div class=\"textwidget\"><p style=\"text-align: center;\"><iframe src=\"https:\/\/www.youtube.com\/embed\/M6dV_lsGC-w\" title=\"YouTube video player\" frameborder=\"0\" allow=\"accelerometer; autoplay; clipboard-write; encrypted-media; gyroscope; picture-in-picture\" allowfullscreen><\/iframe><\/p>\n<\/div>\n\t\t<\/div><div id=\"panel-1429-3-1-2\" class=\"so-panel widget widget_text panel-last-child\" data-index=\"10\" >\t\t\t<div class=\"textwidget\"><p style=\"text-align: center;\">Czas trwania: <span style=\"font-weight: 400;\">9:01<\/span><\/p>\n<\/div>\n\t\t<\/div><\/div><\/div><div id=\"pg-1429-4\"  class=\"panel-grid panel-no-style\" ><div id=\"pgc-1429-4-0\"  class=\"panel-grid-cell\" ><div id=\"panel-1429-4-0-0\" class=\"so-panel widget widget_themegrill_flash_heading tg-widget section-title-wrapper panel-first-child\" data-index=\"11\" >\t<h3 class=\"section-title\">Film 3<\/h3>\n\t<div class=\"section-description\">Do\u015bwiadczanie i eksperymentowanie w uczeniu si\u0119<\/div>\n<\/div><div id=\"panel-1429-4-0-1\" class=\"so-panel widget widget_text\" data-index=\"12\" >\t\t\t<div class=\"textwidget\"><p style=\"text-align: center;\"><iframe src=\"https:\/\/www.youtube.com\/embed\/aZ9jX4tZrr4\" title=\"YouTube video player\" frameborder=\"0\" allow=\"accelerometer; autoplay; clipboard-write; encrypted-media; gyroscope; picture-in-picture\" allowfullscreen><\/iframe><\/p>\n<\/div>\n\t\t<\/div><div id=\"panel-1429-4-0-2\" class=\"so-panel widget widget_text panel-last-child\" data-index=\"13\" >\t\t\t<div class=\"textwidget\"><p style=\"text-align: center;\">Czas trwania: <span style=\"font-weight: 400;\">12:42<\/span><\/p>\n<\/div>\n\t\t<\/div><\/div><div id=\"pgc-1429-4-1\"  class=\"panel-grid-cell\" ><div id=\"panel-1429-4-1-0\" class=\"so-panel widget widget_themegrill_flash_heading tg-widget section-title-wrapper panel-first-child\" data-index=\"14\" >\t<h3 class=\"section-title\">Film 4<\/h3>\n\t<div class=\"section-description\">Style emocjonalne reagowania na b\u0142\u0105d i samowsp\u00f3\u0142czucie<\/div>\n<\/div><div id=\"panel-1429-4-1-1\" class=\"so-panel widget widget_text\" data-index=\"15\" >\t\t\t<div class=\"textwidget\"><p style=\"text-align: center;\"><iframe src=\"https:\/\/www.youtube.com\/embed\/DvTVtKfFOI0\" title=\"YouTube video player\" frameborder=\"0\" allow=\"accelerometer; autoplay; clipboard-write; encrypted-media; gyroscope; picture-in-picture\" allowfullscreen><\/iframe><\/p>\n<\/div>\n\t\t<\/div><div id=\"panel-1429-4-1-2\" class=\"so-panel widget widget_text panel-last-child\" data-index=\"16\" >\t\t\t<div class=\"textwidget\"><p style=\"text-align: center;\">Czas trwania: <span style=\"font-weight: 400;\">8:29<\/span><\/p>\n<\/div>\n\t\t<\/div><\/div><\/div><div id=\"pg-1429-5\"  class=\"panel-grid panel-no-style\" ><div id=\"pgc-1429-5-0\"  class=\"panel-grid-cell\" ><div id=\"panel-1429-5-0-0\" class=\"so-panel widget widget_themegrill_flash_heading tg-widget section-title-wrapper panel-first-child\" data-index=\"17\" >\t<h3 class=\"section-title\">Film 5<\/h3>\n\t<div class=\"section-description\">Udzielanie informacji zwrotnej<\/div>\n<\/div><div id=\"panel-1429-5-0-1\" class=\"so-panel widget widget_text\" data-index=\"18\" >\t\t\t<div class=\"textwidget\"><p style=\"text-align: center;\"><iframe src=\"https:\/\/www.youtube.com\/embed\/aFbSPtJuYOo\" title=\"YouTube video player\" frameborder=\"0\" allow=\"accelerometer; autoplay; clipboard-write; encrypted-media; gyroscope; picture-in-picture\" allowfullscreen><\/iframe><\/p>\n<\/div>\n\t\t<\/div><div id=\"panel-1429-5-0-2\" class=\"so-panel widget widget_text panel-last-child\" data-index=\"19\" >\t\t\t<div class=\"textwidget\"><p style=\"text-align: center;\">Czas trwania: <span style=\"font-weight: 400;\">15:08<\/span><\/p>\n<\/div>\n\t\t<\/div><\/div><div id=\"pgc-1429-5-1\"  class=\"panel-grid-cell\" ><div id=\"panel-1429-5-1-0\" class=\"so-panel widget widget_themegrill_flash_heading tg-widget section-title-wrapper panel-first-child\" data-index=\"20\" >\t<h3 class=\"section-title\">Film 6<\/h3>\n\t<div class=\"section-description\">WielbB\u0142\u0105d - jak gra\u0107 w gr\u0119?<\/div>\n<\/div><div id=\"panel-1429-5-1-1\" class=\"so-panel widget widget_text\" data-index=\"21\" >\t\t\t<div class=\"textwidget\"><p style=\"text-align: center;\"><iframe src=\"https:\/\/www.youtube.com\/embed\/lNHuzZGtwSc\" title=\"YouTube video player\" frameborder=\"0\" allow=\"accelerometer; autoplay; clipboard-write; encrypted-media; gyroscope; picture-in-picture\" allowfullscreen><\/iframe><\/p>\n<\/div>\n\t\t<\/div><div id=\"panel-1429-5-1-2\" class=\"so-panel widget widget_text panel-last-child\" data-index=\"22\" >\t\t\t<div class=\"textwidget\"><p style=\"text-align: center;\">Czas trwania: <span style=\"font-weight: 400;\">1:05<\/span><\/p>\n<\/div>\n\t\t<\/div><\/div><\/div><div id=\"pg-1429-6\"  class=\"panel-grid panel-has-style\" ><div class=\"siteorigin-panels-stretch panel-row-style panel-row-style-for-1429-6\" data-stretch-type=\"full\" ><div id=\"pgc-1429-6-0\"  class=\"panel-grid-cell\" ><div id=\"panel-1429-6-0-0\" class=\"so-panel widget widget_themegrill_flash_heading tg-widget section-title-wrapper panel-first-child\" data-index=\"23\" >\t<h3 class=\"section-title\">Udzielanie Informacji zwrotnej - pomoce dydaktyczne<\/h3>\n\t<div class=\"section-description\">Gra jako narz\u0119dzie edukacyjne<\/div>\n<\/div><div id=\"panel-1429-6-0-1\" class=\"so-panel widget widget_text\" data-index=\"24\" >\t\t\t<div class=\"textwidget\"><p style=\"text-align: left;\">Gra to \u0107wiczenie edukacyjne przeznaczone dla minimum 3 i maksimum 24 os\u00f3b.<\/strong> Gracze wcielaj\u0105 si\u0119 w postacie z kr\u00f3tkich przedstawionych sytuacjach z \u017cycia codziennego i musz\u0105 zmierzy\u0107 si\u0119 ze swoimi potkni\u0119ciami. Podczas gry opieramy si\u0119 na prostym schemacie\u00a0<strong>opowiadania historii i nauce udzielania konstruktywnej informacji zwrotnej<\/strong>, kt\u00f3ra jest kluczowym elementem wygranej \u2013 zar\u00f3wno w grze jak i w \u017cyciu codziennym. Zach\u0119camy do zagrania podczas lekcji wychowawczej.<\/p>\n<\/div>\n\t\t<\/div><div id=\"panel-1429-6-0-2\" class=\"so-panel widget widget_themegrill_flash_cta tg-widget call-to-action-section panel-last-child\" data-index=\"25\" ><div class=\"flash_inherit_color panel-widget-style panel-widget-style-for-1429-6-0-2\" ><div class=\"cta-wrapper \">\n\t<div class=\"section-title-wrapper\">\n\t\t\t\t<h4 class=\"section-subtitle\">Pobierz materia\u0142y do gry<\/h4>\n\t\t\t<\/div>\n\t\t<div class=\"btn-wrapper\">\n\t\t\t\t<a class=\"btn\" href=\"https:\/\/artesedu.pl\/wp-content\/uploads\/2022\/08\/WIELBLAD_INSTRUKCJA-GRY.pdf\">Instrukcja do gry<\/a>\n\t\t\t\t\t\t<a class=\"btn\" href=\"https:\/\/artesedu.pl\/wp-content\/uploads\/2022\/08\/WIELBLAD_KARTY-DO-GRY.pdf\">Karty do gry<\/a>\n\t\t\t<\/div>\n\t<\/div>\n<\/div><\/div><\/div><\/div><\/div><div id=\"pg-1429-7\"  class=\"panel-grid panel-no-style\" ><div id=\"pgc-1429-7-0\"  class=\"panel-grid-cell\" ><div id=\"panel-1429-7-0-0\" class=\"so-panel widget widget_media_image panel-first-child panel-last-child\" data-index=\"26\" ><img loading=\"lazy\" decoding=\"async\" width=\"2315\" height=\"222\" src=\"https:\/\/artesedu.pl\/wp-content\/uploads\/2022\/04\/poziomRGB-z-polem-ochronnym-1.png\" class=\"image wp-image-1562  attachment-full size-full\" alt=\"\" style=\"max-width: 100%; height: auto;\" srcset=\"https:\/\/artesedu.pl\/wp-content\/uploads\/2022\/04\/poziomRGB-z-polem-ochronnym-1.png 2315w, https:\/\/artesedu.pl\/wp-content\/uploads\/2022\/04\/poziomRGB-z-polem-ochronnym-1-300x29.png 300w, https:\/\/artesedu.pl\/wp-content\/uploads\/2022\/04\/poziomRGB-z-polem-ochronnym-1-1024x98.png 1024w, https:\/\/artesedu.pl\/wp-content\/uploads\/2022\/04\/poziomRGB-z-polem-ochronnym-1-768x74.png 768w, https:\/\/artesedu.pl\/wp-content\/uploads\/2022\/04\/poziomRGB-z-polem-ochronnym-1-1536x147.png 1536w, https:\/\/artesedu.pl\/wp-content\/uploads\/2022\/04\/poziomRGB-z-polem-ochronnym-1-2048x196.png 2048w\" sizes=\"auto, (max-width: 2315px) 100vw, 2315px\" \/><\/div><\/div><\/div><\/div>","protected":false},"excerpt":{"rendered":"<p>WielbBl\u0105d Zapraszamy do zapoznania si\u0119 z zestawem film\u00f3w wprowadzaj\u0105cych do innowacji Zapraszamy do wprowadzenia do tematu pope\u0142niania b\u0142\u0119d\u00f3w. Przygotowa\u0142y\u015bmy ich [&hellip;]<\/p>\n","protected":false},"author":1,"featured_media":1485,"parent":1181,"menu_order":0,"comment_status":"closed","ping_status":"closed","template":"","meta":{"footnotes":""},"class_list":["post-1429","page","type-page","status-publish","has-post-thumbnail","hentry"],"translation":{"provider":"WPGlobus","version":"2.10.4","language":"en","enabled_languages":["pl","en"],"languages":{"pl":{"title":true,"content":true,"excerpt":false},"en":{"title":false,"content":false,"excerpt":false}}},"_links":{"self":[{"href":"https:\/\/artesedu.pl\/en\/wp-json\/wp\/v2\/pages\/1429","targetHints":{"allow":["GET"]}}],"collection":[{"href":"https:\/\/artesedu.pl\/en\/wp-json\/wp\/v2\/pages"}],"about":[{"href":"https:\/\/artesedu.pl\/en\/wp-json\/wp\/v2\/types\/page"}],"author":[{"embeddable":true,"href":"https:\/\/artesedu.pl\/en\/wp-json\/wp\/v2\/users\/1"}],"replies":[{"embeddable":true,"href":"https:\/\/artesedu.pl\/en\/wp-json\/wp\/v2\/comments?post=1429"}],"version-history":[{"count":93,"href":"https:\/\/artesedu.pl\/en\/wp-json\/wp\/v2\/pages\/1429\/revisions"}],"predecessor-version":[{"id":1753,"href":"https:\/\/artesedu.pl\/en\/wp-json\/wp\/v2\/pages\/1429\/revisions\/1753"}],"up":[{"embeddable":true,"href":"https:\/\/artesedu.pl\/en\/wp-json\/wp\/v2\/pages\/1181"}],"wp:featuredmedia":[{"embeddable":true,"href":"https:\/\/artesedu.pl\/en\/wp-json\/wp\/v2\/media\/1485"}],"wp:attachment":[{"href":"https:\/\/artesedu.pl\/en\/wp-json\/wp\/v2\/media?parent=1429"}],"curies":[{"name":"wp","href":"https:\/\/api.w.org\/{rel}","templated":true}]}}